{"id":2405,"date":"2013-07-13T21:14:26","date_gmt":"2013-07-13T19:14:26","guid":{"rendered":"https:\/\/www.bmk-baumann.de\/punching-forming\/"},"modified":"2026-03-23T11:28:27","modified_gmt":"2026-03-23T09:28:27","slug":"punching-forming","status":"publish","type":"page","link":"https:\/\/www.bmk-baumann.de\/en\/punching-forming\/","title":{"rendered":"Punching\/forming"},"content":{"rendered":"<div id='layer_slider_1'  class='avia-layerslider main_color avia-shadow  avia-builder-el-0  el_before_av_one_full  avia-builder-el-first  container_wrap sidebar_right'  style='height: 401px;'  ><\/div><div id='after_layer_slider_1'  class='main_color av_default_container_wrap container_wrap sidebar_right'  ><div class='container av-section-cont-open' ><div class='template-page content  av-content-small alpha units'><div class='post-entry post-entry-type-page post-entry-2405'><div class='entry-content-wrapper clearfix'>\n<div  class='flex_column av-12eyyd-7db9cd9d04f2957052e1d6202d07c908 av_one_full  avia-builder-el-1  el_after_av_layerslider  avia-builder-el-no-sibling  first flex_column_div  '     ><p>\n<style type=\"text\/css\" data-created_by=\"avia_inline_auto\" id=\"style-css-av-mn2zg3lj-474417c03c060445181619405f6060d8\">\n#top .av-special-heading.av-mn2zg3lj-474417c03c060445181619405f6060d8{\npadding-bottom:10px;\n}\nbody .av-special-heading.av-mn2zg3lj-474417c03c060445181619405f6060d8 .av-special-heading-tag .heading-char{\nfont-size:25px;\n}\n.av-special-heading.av-mn2zg3lj-474417c03c060445181619405f6060d8 .av-subheading{\nfont-size:15px;\n}\n<\/style>\n<div  class='av-special-heading av-mn2zg3lj-474417c03c060445181619405f6060d8 av-special-heading-h1  avia-builder-el-2  el_before_av_textblock  avia-builder-el-first '><h1 class='av-special-heading-tag '  itemprop=\"headline\"  >Punching\/forming<\/h1><div class=\"special-heading-border\"><div class=\"special-heading-inner-border\"><\/div><\/div><\/div><br \/>\n<section  class='av_textblock_section av-ofml1-8f142d77ca0256ba9e4177acec697a24 '   itemscope=\"itemscope\" itemtype=\"https:\/\/schema.org\/CreativeWork\" ><div class='avia_textblock'  itemprop=\"text\" ><p>F\u00fcr unsere Kunden fertigen wir ma\u00dfgenaue Pr\u00e4zisionsstanzteile in unterschiedlichsten Geometrien und aus verschiedensten Materialien. Die Einhaltung teilespezifischer Ma\u00dfe wird prozessbegleitend durch den Einsatz modernster Messtechnik begleitet.<\/p>\n<p>Ihre Bauteile k\u00f6nnen auf folgenden Maschinen gestanzt\/bearbeitet werden.<\/p>\n<h2>Stanzmaschinen:<\/h2>\n<ul>\n<li>Unsere Stanzmaschinen stehen mit einer Presskraft von 6-63 Tonnen zur Verf\u00fcgung.<\/li>\n<li>Auf unseren Stanzen k\u00f6nnen wir Werkzeuge mit einer L\u00e4nge von bis zu 800 mm spannen und Blechst\u00e4rken zwischen 0,1 mm und 2 mm sowie Streifenbreiten bis 150 mm bearbeiten.<\/li>\n<\/ul>\n<h3>Unter anderem stehen folgende Maschinen f\u00fcr Ihre Bauteile zur Verf\u00fcgung:<\/h3>\n<ul>\n<li>ESSA 35 Tonnen<\/li>\n<li>Mabu 50 Tonnen<\/li>\n<li>EBU 63 Tonnen<\/li>\n<li>Nietmaschinen<\/li>\n<li>Gewindeschneidmaschine<\/li>\n<li>Pneumatische-Kniehebelpressen<\/li>\n<li>Hydraulikpresse Schoen<\/li>\n<\/ul>\n<p>Konstruktion, <a href=\"https:\/\/www.bmk-baumann.de\/montage\/\">Montage<\/a>, Werkzeug- und Prototypenbau sowie die Wartung und Reparatur im eigenen Haus erm\u00f6glichen uns ein flexibles Reagieren auf Kundenw\u00fcnsche.<\/p>\n<p>Wir fertigen Stanz-, Umform-, Folgeverbundwerkzeuge sowie Prototypen exakt nach Ihren Zeichnungen bzw. Musterteilen.<\/p>\n<p>Unser Werkzeugbau verf\u00fcgt \u00fcber einen modernen Maschinenpark.<\/p>\n<p>F\u00fcr Weiterbearbeitungen wie W\u00e4rmebehandlungen oder Beschichtungen, stehen uns langj\u00e4hrige Kooperationspartner zur Seite.<\/p>\n<p>Unser kompletten Leistungen finden Sie <a href=\"https:\/\/www.bmk-baumann.de\/leistungen\/\">hier<\/a>.<\/p>\n<\/div><\/section><br \/>\n\n<style type=\"text\/css\" data-created_by=\"avia_inline_auto\" id=\"style-css-av-k5pot-e3ec85ae93968cfcd4de8e58a44864fe\">\n#top .hr.hr-invisible.av-k5pot-e3ec85ae93968cfcd4de8e58a44864fe{\nmargin-top:-10px;\nheight:1px;\n}\n<\/style>\n<div  class='hr av-k5pot-e3ec85ae93968cfcd4de8e58a44864fe hr-invisible  avia-builder-el-4  el_after_av_textblock  el_before_av_slideshow '><span class='hr-inner '><span class=\"hr-inner-style\"><\/span><\/span><\/div><br \/>\n<div  class='avia-slideshow av-cv04l-d88fe3484ed336d4268f0bcf5b23a3aa avia-slideshow-gallery av_slideshow avia-slide-slider  avia-builder-el-5  el_after_av_hr  avia-builder-el-last  av-slideshow-ui av-control-default av-slideshow-autoplay av-loop-endless av-loop-manual-endless av-default-height-applied avia-slideshow-1' data-slideshow-options=\"{&quot;animation&quot;:&quot;slide&quot;,&quot;autoplay&quot;:true,&quot;loop_autoplay&quot;:&quot;endless&quot;,&quot;interval&quot;:4,&quot;loop_manual&quot;:&quot;manual-endless&quot;,&quot;autoplay_stopper&quot;:false,&quot;noNavigation&quot;:false,&quot;bg_slider&quot;:false,&quot;keep_padding&quot;:false,&quot;hoverpause&quot;:false,&quot;show_slide_delay&quot;:0}\"  itemprop=\"image\" itemscope=\"itemscope\" itemtype=\"https:\/\/schema.org\/ImageObject\" ><ul class='avia-slideshow-inner ' style='padding-bottom: 80.94674556213%;'><li  class='avia-slideshow-slide av-cv04l-d88fe3484ed336d4268f0bcf5b23a3aa__0  slide-1 slide-odd'><div data-rel='slideshow-1' class='avia-slide-wrap '   ><img fetchpriority=\"high\" class=\"wp-image-2281 avia-img-lazy-loading-not-2281\"  src='https:\/\/www.bmk-baumann.de\/wp-content\/uploads\/2021\/11\/Stanzteil-845x684.png' width='845' height='684' title='Stanzteil' alt=''  itemprop=\"thumbnailUrl\"   \/><\/div><\/li><li  class='avia-slideshow-slide av-cv04l-d88fe3484ed336d4268f0bcf5b23a3aa__1  slide-2 slide-even'><div data-rel='slideshow-1' class='avia-slide-wrap '   ><img fetchpriority=\"high\" class=\"wp-image-2282 avia-img-lazy-loading-not-2282\"  src='https:\/\/www.bmk-baumann.de\/wp-content\/uploads\/2021\/11\/Stanzteil_Beispiel-845x684.png' width='845' height='684' title='Stanzteil_Beispiel' alt=''  itemprop=\"thumbnailUrl\"   \/><\/div><\/li><li  class='avia-slideshow-slide av-cv04l-d88fe3484ed336d4268f0bcf5b23a3aa__2  slide-3 slide-odd'><div data-rel='slideshow-1' class='avia-slide-wrap '   ><img fetchpriority=\"high\" class=\"wp-image-2283 avia-img-lazy-loading-not-2283\"  src='https:\/\/www.bmk-baumann.de\/wp-content\/uploads\/2021\/11\/Stanzteil_bmk-845x684.png' width='845' height='684' title='Stanzteil_bmk' alt=''  itemprop=\"thumbnailUrl\"   \/><\/div><\/li><li  class='avia-slideshow-slide av-cv04l-d88fe3484ed336d4268f0bcf5b23a3aa__3  slide-4 slide-even'><div data-rel='slideshow-1' class='avia-slide-wrap '   ><img fetchpriority=\"high\" class=\"wp-image-2284 avia-img-lazy-loading-not-2284\"  src='https:\/\/www.bmk-baumann.de\/wp-content\/uploads\/2021\/11\/Stanzteil_bmk_1-845x684.png' width='845' height='684' title='Stanzteil_bmk_1' alt=''  itemprop=\"thumbnailUrl\"   \/><\/div><\/li><li  class='avia-slideshow-slide av-cv04l-d88fe3484ed336d4268f0bcf5b23a3aa__4  slide-5 slide-odd'><div data-rel='slideshow-1' class='avia-slide-wrap '  title='Gestanzter Klemmk\u00f6rperk\u00e4fig - bmk Baumann N\u00fcrnberg' ><img fetchpriority=\"high\" class=\"wp-image-2247 avia-img-lazy-loading-not-2247\"  src='https:\/\/www.bmk-baumann.de\/wp-content\/uploads\/2014\/09\/Stanzen_1000x800-845x684.jpg' width='845' height='684' title='Stanzen_1000x800' alt='Gestanzter Klemmk\u00f6rperk\u00e4fig - bmk Baumann N\u00fcrnberg'  itemprop=\"thumbnailUrl\"   \/><\/div><\/li><li  class='avia-slideshow-slide av-cv04l-d88fe3484ed336d4268f0bcf5b23a3aa__5  slide-6 slide-even'><div data-rel='slideshow-1' class='avia-slide-wrap '   ><img fetchpriority=\"high\" class=\"wp-image-2285 avia-img-lazy-loading-not-2285\"  src='https:\/\/www.bmk-baumann.de\/wp-content\/uploads\/2021\/11\/Stanzteil_bmk_3-845x684.png' width='845' height='684' title='Stanzteil_bmk_3' alt=''  itemprop=\"thumbnailUrl\"   \/><\/div><\/li><li  class='avia-slideshow-slide av-cv04l-d88fe3484ed336d4268f0bcf5b23a3aa__6  slide-7 slide-odd'><div data-rel='slideshow-1' class='avia-slide-wrap '   ><img fetchpriority=\"high\" class=\"wp-image-2286 avia-img-lazy-loading-not-2286\"  src='https:\/\/www.bmk-baumann.de\/wp-content\/uploads\/2021\/11\/Stanzteil_bmk_4-845x684.png' width='845' height='684' title='Stanzteil_bmk_4' alt=''  itemprop=\"thumbnailUrl\"   \/><\/div><\/li><li  class='avia-slideshow-slide av-cv04l-d88fe3484ed336d4268f0bcf5b23a3aa__7  slide-8 slide-even'><div data-rel='slideshow-1' class='avia-slide-wrap '   ><img fetchpriority=\"high\" class=\"wp-image-2287 avia-img-lazy-loading-not-2287\"  src='https:\/\/www.bmk-baumann.de\/wp-content\/uploads\/2021\/11\/Stanzteil_bmk_5-845x684.png' width='845' height='684' title='Stanzteil_bmk_5' alt=''  itemprop=\"thumbnailUrl\"   \/><\/div><\/li><li  class='avia-slideshow-slide av-cv04l-d88fe3484ed336d4268f0bcf5b23a3aa__8  slide-9 slide-odd'><div data-rel='slideshow-1' class='avia-slide-wrap '   ><img fetchpriority=\"high\" class=\"wp-image-2288 avia-img-lazy-loading-not-2288\"  src='https:\/\/www.bmk-baumann.de\/wp-content\/uploads\/2021\/11\/Stanzteil_bmk_6-845x684.png' width='845' height='684' title='Stanzteil_bmk_6' alt=''  itemprop=\"thumbnailUrl\"   \/><\/div><\/li><li  class='avia-slideshow-slide av-cv04l-d88fe3484ed336d4268f0bcf5b23a3aa__9  slide-10 slide-even'><div data-rel='slideshow-1' class='avia-slide-wrap '   ><img fetchpriority=\"high\" class=\"wp-image-2289 avia-img-lazy-loading-not-2289\"  src='https:\/\/www.bmk-baumann.de\/wp-content\/uploads\/2021\/11\/Stanzteil_bmk_7-845x684.png' width='845' height='684' title='Stanzteil_bmk_7' alt=''  itemprop=\"thumbnailUrl\"   \/><\/div><\/li><li  class='avia-slideshow-slide av-cv04l-d88fe3484ed336d4268f0bcf5b23a3aa__10  slide-11 slide-odd'><div data-rel='slideshow-1' class='avia-slide-wrap '   ><img fetchpriority=\"high\" class=\"wp-image-2290 avia-img-lazy-loading-not-2290\"  src='https:\/\/www.bmk-baumann.de\/wp-content\/uploads\/2021\/11\/Stanzteil_bmk_8-845x684.png' width='845' height='684' title='Stanzteil_bmk_8' alt=''  itemprop=\"thumbnailUrl\"   \/><\/div><\/li><li  class='avia-slideshow-slide av-cv04l-d88fe3484ed336d4268f0bcf5b23a3aa__11  slide-12 slide-even'><div data-rel='slideshow-1' class='avia-slide-wrap '   ><img fetchpriority=\"high\" class=\"wp-image-2291 avia-img-lazy-loading-not-2291\"  src='https:\/\/www.bmk-baumann.de\/wp-content\/uploads\/2021\/11\/Stanzteil_bmk_9-845x684.png' width='845' height='684' title='Stanzteil_bmk_9' alt=''  itemprop=\"thumbnailUrl\"   \/><\/div><\/li><li  class='avia-slideshow-slide av-cv04l-d88fe3484ed336d4268f0bcf5b23a3aa__12  slide-13 slide-odd'><div data-rel='slideshow-1' class='avia-slide-wrap '   ><img fetchpriority=\"high\" class=\"wp-image-2292 avia-img-lazy-loading-not-2292\"  src='https:\/\/www.bmk-baumann.de\/wp-content\/uploads\/2021\/11\/Stanzteil_bmk_10-845x684.png' width='845' height='684' title='Stanzteil_bmk_10' alt=''  itemprop=\"thumbnailUrl\"   \/><\/div><\/li><li  class='avia-slideshow-slide av-cv04l-d88fe3484ed336d4268f0bcf5b23a3aa__13  slide-14 slide-even'><div data-rel='slideshow-1' class='avia-slide-wrap '   ><img fetchpriority=\"high\" class=\"wp-image-2293 avia-img-lazy-loading-not-2293\"  src='https:\/\/www.bmk-baumann.de\/wp-content\/uploads\/2021\/11\/Stanzteil_bmk_11-845x684.png' width='845' height='684' title='Stanzteil_bmk_11' alt=''  itemprop=\"thumbnailUrl\"   \/><\/div><\/li><li  class='avia-slideshow-slide av-cv04l-d88fe3484ed336d4268f0bcf5b23a3aa__14  slide-15 slide-odd'><div data-rel='slideshow-1' class='avia-slide-wrap '   ><img fetchpriority=\"high\" class=\"wp-image-2294 avia-img-lazy-loading-not-2294\"  src='https:\/\/www.bmk-baumann.de\/wp-content\/uploads\/2021\/11\/Stanzteil_bmk_12-845x684.png' width='845' height='684' title='Stanzteil_bmk_12' alt=''  itemprop=\"thumbnailUrl\"   \/><\/div><\/li><li  class='avia-slideshow-slide av-cv04l-d88fe3484ed336d4268f0bcf5b23a3aa__15  slide-16 slide-even'><div data-rel='slideshow-1' class='avia-slide-wrap '   ><img fetchpriority=\"high\" class=\"wp-image-2295 avia-img-lazy-loading-not-2295\"  src='https:\/\/www.bmk-baumann.de\/wp-content\/uploads\/2021\/11\/Stanzteil_bmk_13-845x684.png' width='845' height='684' title='Stanzteil_bmk_13' alt=''  itemprop=\"thumbnailUrl\"   \/><\/div><\/li><li  class='avia-slideshow-slide av-cv04l-d88fe3484ed336d4268f0bcf5b23a3aa__16  slide-17 slide-odd'><div data-rel='slideshow-1' class='avia-slide-wrap '  title='Stanzteil aus Stahl teilgestanzt f\u00fcr industrielle Pr\u00e4zisionsanwendungen. Gefertigt bei BMK Baumann in N\u00fcrnberg.\n' ><img fetchpriority=\"high\" class=\"wp-image-2296 avia-img-lazy-loading-not-2296\"  src='https:\/\/www.bmk-baumann.de\/wp-content\/uploads\/2021\/11\/Stanzteil_bmk_14-845x684.png' width='845' height='684' title='Stanzteil_bmk_14' alt='Stanzteil aus Stahl teilgestanzt verschiedene Materialien \u2013 BMK Baumann N\u00fcrnberg'  itemprop=\"thumbnailUrl\"   \/><\/div><\/li><li  class='avia-slideshow-slide av-cv04l-d88fe3484ed336d4268f0bcf5b23a3aa__17  slide-18 slide-even'><div data-rel='slideshow-1' class='avia-slide-wrap '  title='Stanzteil aus Stahl teilweise gestanzt f\u00fcr industrielle Pr\u00e4zisionsanwendungen. Gefertigt bei BMK Baumann in N\u00fcrnberg.\n' ><img fetchpriority=\"high\" class=\"wp-image-2297 avia-img-lazy-loading-not-2297\"  src='https:\/\/www.bmk-baumann.de\/wp-content\/uploads\/2021\/11\/Stanzteil_bmk_15-845x684.png' width='845' height='684' title='Stanzteil_bmk_15' alt='Stanzteil aus Stahl teilweise gestanzt  \u2013 BMK Baumann N\u00fcrnberg'  itemprop=\"thumbnailUrl\"   \/><\/div><\/li><li  class='avia-slideshow-slide av-cv04l-d88fe3484ed336d4268f0bcf5b23a3aa__18  slide-19 slide-odd'><div data-rel='slideshow-1' class='avia-slide-wrap '  title='Stanzteil aus Stahl fertig gestanzt f\u00fcr industrielle Pr\u00e4zisionsanwendungen. Gefertigt bei BMK Baumann in N\u00fcrnberg.\n' ><img fetchpriority=\"high\" class=\"wp-image-2298 avia-img-lazy-loading-not-2298\"  src='https:\/\/www.bmk-baumann.de\/wp-content\/uploads\/2021\/11\/Stanzteil_bmk_16-845x684.png' width='845' height='684' title='Stanzteil_bmk_16' alt='Stanzteil aus Stahl fertig gestanzt  \u2013 BMK Baumann N\u00fcrnberg'  itemprop=\"thumbnailUrl\"   \/><\/div><\/li><li  class='avia-slideshow-slide av-cv04l-d88fe3484ed336d4268f0bcf5b23a3aa__19  slide-20 slide-even'><div data-rel='slideshow-1' class='avia-slide-wrap '   ><img fetchpriority=\"high\" class=\"wp-image-2299 avia-img-lazy-loading-not-2299\"  src='https:\/\/www.bmk-baumann.de\/wp-content\/uploads\/2021\/11\/Stanzteil_bmk_17-845x684.png' width='845' height='684' title='Stanzteil_bmk_17' alt=''  itemprop=\"thumbnailUrl\"   \/><\/div><\/li><li  class='avia-slideshow-slide av-cv04l-d88fe3484ed336d4268f0bcf5b23a3aa__20  slide-21 slide-odd'><div data-rel='slideshow-1' class='avia-slide-wrap '   ><img fetchpriority=\"high\" class=\"wp-image-2300 avia-img-lazy-loading-not-2300\"  src='https:\/\/www.bmk-baumann.de\/wp-content\/uploads\/2021\/11\/Stanzteil_bmk_18-845x684.png' width='845' height='684' title='Stanzteil_bmk_18' alt=''  itemprop=\"thumbnailUrl\"   \/><\/div><\/li><li  class='avia-slideshow-slide av-cv04l-d88fe3484ed336d4268f0bcf5b23a3aa__21  slide-22 slide-even'><div data-rel='slideshow-1' class='avia-slide-wrap '  title='Stanzteil aus Stahl f\u00fcr industrielle Pr\u00e4zisionsanwendungen. Gefertigt bei BMK Baumann in N\u00fcrnberg.\n' ><img fetchpriority=\"high\" class=\"wp-image-2301 avia-img-lazy-loading-not-2301\"  src='https:\/\/www.bmk-baumann.de\/wp-content\/uploads\/2021\/11\/Stanzteil_bmk_19-845x684.png' width='845' height='684' title='Stanzteil_bmk_19' alt='Stanzteil aus Stahl  \u2013 BMK Baumann N\u00fcrnberg\n'  itemprop=\"thumbnailUrl\"   \/><\/div><\/li><li  class='avia-slideshow-slide av-cv04l-d88fe3484ed336d4268f0bcf5b23a3aa__22  slide-23 slide-odd'><div data-rel='slideshow-1' class='avia-slide-wrap '  title='Stanzteile aus Messing f\u00fcr industrielle Pr\u00e4zisionsanwendungen verschiedene Varianten. Gefertigt bei BMK Baumann in N\u00fcrnberg.\n' ><img fetchpriority=\"high\" class=\"wp-image-2302 avia-img-lazy-loading-not-2302\"  src='https:\/\/www.bmk-baumann.de\/wp-content\/uploads\/2021\/11\/Stanzteile_Beispiele-845x684.png' width='845' height='684' title='Stanzteile_Beispiele' alt='Stanzteile aus Messing verschiedene Varianten\u2013 BMK Baumann N\u00fcrnberg'  itemprop=\"thumbnailUrl\"   \/><\/div><\/li><li  class='avia-slideshow-slide av-cv04l-d88fe3484ed336d4268f0bcf5b23a3aa__23  slide-24 slide-even'><div data-rel='slideshow-1' class='avia-slide-wrap '  title='Stanzteil aus Stahl f\u00fcr industrielle Pr\u00e4zisionsanwendungen. Gefertigt bei BMK Baumann in N\u00fcrnberg.\n' ><img fetchpriority=\"high\" class=\"wp-image-2303 avia-img-lazy-loading-not-2303\"  src='https:\/\/www.bmk-baumann.de\/wp-content\/uploads\/2021\/11\/Stanzteile_Gruppe-845x684.png' width='845' height='684' title='Stanzteile_Gruppe' alt='Stanzteil aus Stahl verschiedene Beispiele \u2013 BMK Baumann N\u00fcrnberg'  itemprop=\"thumbnailUrl\"   \/><\/div><\/li><li  class='avia-slideshow-slide av-cv04l-d88fe3484ed336d4268f0bcf5b23a3aa__24  slide-25 slide-odd'><div data-rel='slideshow-1' class='avia-slide-wrap '  title='Stanzteil aus Stahl f\u00fcr industrielle Pr\u00e4zisionsanwendungen. Gefertigt bei BMK Baumann in N\u00fcrnberg.\n' ><img fetchpriority=\"high\" class=\"wp-image-2304 avia-img-lazy-loading-not-2304\"  src='https:\/\/www.bmk-baumann.de\/wp-content\/uploads\/2021\/11\/Stanzteile_verschiedene-845x684.png' width='845' height='684' title='Stanzteile_verschiedene' alt='Stanzteil aus Stahl verschiedene Beispiele \u2013 BMK Baumann N\u00fcrnberg\n'  itemprop=\"thumbnailUrl\"   \/><\/div><\/li><li  class='avia-slideshow-slide av-cv04l-d88fe3484ed336d4268f0bcf5b23a3aa__25  slide-26 slide-even'><div data-rel='slideshow-1' class='avia-slide-wrap '   ><img fetchpriority=\"high\" class=\"wp-image-2330 avia-img-lazy-loading-not-2330\"  src='https:\/\/www.bmk-baumann.de\/wp-content\/uploads\/2021\/11\/Stanzteil_bmk_20-845x684.png' width='845' height='684' title='Stanzteil_bmk_20' alt=''  itemprop=\"thumbnailUrl\"   \/><\/div><\/li><\/ul><div class='avia-slideshow-arrows avia-slideshow-controls' ><a href='#prev' class='prev-slide  avia-svg-icon avia-font-svg_entypo-fontello' data-av_svg_icon='left-open-big' data-av_iconset='svg_entypo-fontello' tabindex='-1' title=\"Previous\"><svg version=\"1.1\" xmlns=\"http:\/\/www.w3.org\/2000\/svg\" width=\"15\" height=\"32\" viewBox=\"0 0 15 32\" preserveAspectRatio=\"xMidYMid meet\" aria-labelledby='av-svg-title-1' aria-describedby='av-svg-desc-1' role=\"graphics-symbol\" aria-hidden=\"true\">\n<title id='av-svg-title-1'>Previous<\/title>\n<desc id='av-svg-desc-1'>Previous<\/desc>\n<path d=\"M14.464 27.84q0.832 0.832 0 1.536-0.832 0.832-1.536 0l-12.544-12.608q-0.768-0.768 0-1.6l12.544-12.608q0.704-0.832 1.536 0 0.832 0.704 0 1.536l-11.456 11.904z\"><\/path>\n<\/svg><span class='avia_hidden_link_text'>Previous<\/span><\/a><a href='#next' class='next-slide  avia-svg-icon avia-font-svg_entypo-fontello' data-av_svg_icon='right-open-big' data-av_iconset='svg_entypo-fontello' tabindex='-1' title=\"Next\"><svg version=\"1.1\" xmlns=\"http:\/\/www.w3.org\/2000\/svg\" width=\"15\" height=\"32\" viewBox=\"0 0 15 32\" preserveAspectRatio=\"xMidYMid meet\" aria-labelledby='av-svg-title-2' aria-describedby='av-svg-desc-2' role=\"graphics-symbol\" aria-hidden=\"true\">\n<title id='av-svg-title-2'>Next<\/title>\n<desc id='av-svg-desc-2'>Next<\/desc>\n<path d=\"M0.416 27.84l11.456-11.84-11.456-11.904q-0.832-0.832 0-1.536 0.832-0.832 1.536 0l12.544 12.608q0.768 0.832 0 1.6l-12.544 12.608q-0.704 0.832-1.536 0-0.832-0.704 0-1.536z\"><\/path>\n<\/svg><span class='avia_hidden_link_text'>Next<\/span><\/a><\/div><div class='avia-slideshow-dots avia-slideshow-controls'><a href='#1' class='goto-slide active' >1<\/a><a href='#2' class='goto-slide ' >2<\/a><a href='#3' class='goto-slide ' >3<\/a><a href='#4' class='goto-slide ' >4<\/a><a href='#5' class='goto-slide ' >5<\/a><a href='#6' class='goto-slide ' >6<\/a><a href='#7' class='goto-slide ' >7<\/a><a href='#8' class='goto-slide ' >8<\/a><a href='#9' class='goto-slide ' >9<\/a><a href='#10' class='goto-slide ' >10<\/a><a href='#11' class='goto-slide ' >11<\/a><a href='#12' class='goto-slide ' >12<\/a><a href='#13' class='goto-slide ' >13<\/a><a href='#14' class='goto-slide ' >14<\/a><a href='#15' class='goto-slide ' >15<\/a><a href='#16' class='goto-slide ' >16<\/a><a href='#17' class='goto-slide ' >17<\/a><a href='#18' class='goto-slide ' >18<\/a><a href='#19' class='goto-slide ' >19<\/a><a href='#20' class='goto-slide ' >20<\/a><a href='#21' class='goto-slide ' >21<\/a><a href='#22' class='goto-slide ' >22<\/a><a href='#23' class='goto-slide ' >23<\/a><a href='#24' class='goto-slide ' >24<\/a><a href='#25' class='goto-slide ' >25<\/a><a href='#26' class='goto-slide ' >26<\/a><\/div><\/div><\/p><\/div>\n","protected":false},"excerpt":{"rendered":"","protected":false},"author":3,"featured_media":0,"parent":0,"menu_order":0,"comment_status":"closed","ping_status":"closed","template":"","meta":{"footnotes":""},"class_list":["post-2405","page","type-page","status-publish","hentry"],"_links":{"self":[{"href":"https:\/\/www.bmk-baumann.de\/en\/wp-json\/wp\/v2\/pages\/2405","targetHints":{"allow":["GET"]}}],"collection":[{"href":"https:\/\/www.bmk-baumann.de\/en\/wp-json\/wp\/v2\/pages"}],"about":[{"href":"https:\/\/www.bmk-baumann.de\/en\/wp-json\/wp\/v2\/types\/page"}],"author":[{"embeddable":true,"href":"https:\/\/www.bmk-baumann.de\/en\/wp-json\/wp\/v2\/users\/3"}],"replies":[{"embeddable":true,"href":"https:\/\/www.bmk-baumann.de\/en\/wp-json\/wp\/v2\/comments?post=2405"}],"version-history":[{"count":3,"href":"https:\/\/www.bmk-baumann.de\/en\/wp-json\/wp\/v2\/pages\/2405\/revisions"}],"predecessor-version":[{"id":3053,"href":"https:\/\/www.bmk-baumann.de\/en\/wp-json\/wp\/v2\/pages\/2405\/revisions\/3053"}],"wp:attachment":[{"href":"https:\/\/www.bmk-baumann.de\/en\/wp-json\/wp\/v2\/media?parent=2405"}],"curies":[{"name":"wp","href":"https:\/\/api.w.org\/{rel}","templated":true}]}}