{"id":2375,"date":"2013-07-13T21:08:58","date_gmt":"2013-07-13T19:08:58","guid":{"rendered":"https:\/\/www.bmk-baumann.de\/machining\/"},"modified":"2026-03-23T11:16:08","modified_gmt":"2026-03-23T09:16:08","slug":"machining","status":"publish","type":"page","link":"https:\/\/www.bmk-baumann.de\/en\/machining\/","title":{"rendered":"Machining"},"content":{"rendered":"<div id='layer_slider_1'  class='avia-layerslider main_color avia-shadow  avia-builder-el-0  el_before_av_one_full  avia-builder-el-first  container_wrap sidebar_right'  style='height: 401px;'  ><\/div><div id='after_layer_slider_1'  class='main_color av_default_container_wrap container_wrap sidebar_right'  ><div class='container av-section-cont-open' ><div class='template-page content  av-content-small alpha units'><div class='post-entry post-entry-type-page post-entry-2375'><div class='entry-content-wrapper clearfix'>\n<div  class='flex_column av-3i25d1-cb932e223d4f6c8cd15ef63eb3133014 av_one_full  avia-builder-el-1  el_after_av_layerslider  el_before_av_textblock  avia-builder-el-first  first flex_column_div  '     ><p>\n<style type=\"text\/css\" data-created_by=\"avia_inline_auto\" id=\"style-css-av-mn2yyw6m-fabdabd4c9b858f80b7fb5e04ca6a19d\">\n#top .av-special-heading.av-mn2yyw6m-fabdabd4c9b858f80b7fb5e04ca6a19d{\npadding-bottom:10px;\n}\nbody .av-special-heading.av-mn2yyw6m-fabdabd4c9b858f80b7fb5e04ca6a19d .av-special-heading-tag .heading-char{\nfont-size:25px;\n}\n.av-special-heading.av-mn2yyw6m-fabdabd4c9b858f80b7fb5e04ca6a19d .av-subheading{\nfont-size:15px;\n}\n<\/style>\n<div  class='av-special-heading av-mn2yyw6m-fabdabd4c9b858f80b7fb5e04ca6a19d av-special-heading-h1  avia-builder-el-2  el_before_av_textblock  avia-builder-el-first '><h1 class='av-special-heading-tag '  itemprop=\"headline\"  >Machining<\/h1><div class=\"special-heading-border\"><div class=\"special-heading-inner-border\"><\/div><\/div><\/div><br \/>\n<section  class='av_textblock_section av-38w0bx-14bf654a7bd3af84e8ca3de21477aead '   itemscope=\"itemscope\" itemtype=\"https:\/\/schema.org\/CreativeWork\" ><div class='avia_textblock'  itemprop=\"text\" ><p style=\"text-align: justify;\">Our experienced employees and high-performance precision machines, both CNC and conventional, enable us to mechanically machine workpieces in the highest quality.<br \/>\nTurning, milling, or grinding \u2013 your requirements are in the best hands with us.<\/p>\n<p style=\"text-align: justify;\">Our programming system with dxf interface ensures smooth operations. The key strengths of our company also include profile cutting as well as the manufacture of miniature components.<\/p>\n<\/div><\/section><br \/>\n\n<style type=\"text\/css\" data-created_by=\"avia_inline_auto\" id=\"style-css-av-32vknx-4f3c613da07a27f7384fd408ead6b1b1\">\n#top .hr.hr-invisible.av-32vknx-4f3c613da07a27f7384fd408ead6b1b1{\nheight:10px;\n}\n<\/style>\n<div  class='hr av-32vknx-4f3c613da07a27f7384fd408ead6b1b1 hr-invisible  avia-builder-el-4  el_after_av_textblock  el_before_av_slideshow '><span class='hr-inner '><span class=\"hr-inner-style\"><\/span><\/span><\/div><br \/>\n<div  class='avia-slideshow av-2ucxb9-9da33ba0376d12eca56cfff1fb2fa41b avia-slideshow-no scaling av_slideshow avia-slide-slider  avia-builder-el-5  el_after_av_hr  avia-builder-el-last  av-slideshow-ui av-control-default av-slideshow-autoplay av-loop-endless av-loop-manual-endless av-default-height-applied avia-slideshow-1' data-slideshow-options=\"{&quot;animation&quot;:&quot;slide&quot;,&quot;autoplay&quot;:true,&quot;loop_autoplay&quot;:&quot;endless&quot;,&quot;interval&quot;:5,&quot;loop_manual&quot;:&quot;manual-endless&quot;,&quot;autoplay_stopper&quot;:false,&quot;noNavigation&quot;:false,&quot;bg_slider&quot;:false,&quot;keep_padding&quot;:false,&quot;hoverpause&quot;:false,&quot;show_slide_delay&quot;:0}\"  itemprop=\"image\" itemscope=\"itemscope\" itemtype=\"https:\/\/schema.org\/ImageObject\" ><ul class='avia-slideshow-inner ' style='padding-bottom: 80%;'><li  class='avia-slideshow-slide av-2ucxb9-9da33ba0376d12eca56cfff1fb2fa41b__0  slide-1 slide-odd'><div data-rel='slideshow-1' class='avia-slide-wrap '  title='CNC Drehteil mit Kreuzr\u00e4delung gefertigt bei bmk Baumann in N\u00fcrnberg' ><img fetchpriority=\"high\" class=\"wp-image-2221 avia-img-lazy-loading-not-2221\"  src='https:\/\/www.bmk-baumann.de\/wp-content\/uploads\/2014\/09\/Drehen_08.jpg' width='1000' height='800' title='Drehen_08' alt='Drehteil mit Kreuzr\u00e4delung - bmk Baumann N\u00fcrnberg'  itemprop=\"thumbnailUrl\"   \/><\/div><\/li><li  class='avia-slideshow-slide av-2ucxb9-9da33ba0376d12eca56cfff1fb2fa41b__1  slide-2 slide-even'><div data-rel='slideshow-1' class='avia-slide-wrap '  title='Drehteil eloxiert gefertigt bei bmk Baumann in N\u00fcrnberg' ><img fetchpriority=\"high\" class=\"wp-image-2220 avia-img-lazy-loading-not-2220\"  src='https:\/\/www.bmk-baumann.de\/wp-content\/uploads\/2014\/09\/Drehen_07.jpg' width='1000' height='800' title='Drehen_07' alt='Drehteil eloxiert - bmk Baumann N\u00fcrnberg'  itemprop=\"thumbnailUrl\"   \/><\/div><\/li><li  class='avia-slideshow-slide av-2ucxb9-9da33ba0376d12eca56cfff1fb2fa41b__2  slide-3 slide-odd'><div data-rel='slideshow-1' class='avia-slide-wrap '   ><img fetchpriority=\"high\" class=\"wp-image-2257 avia-img-lazy-loading-not-2257\"  src='https:\/\/www.bmk-baumann.de\/wp-content\/uploads\/2014\/09\/Drehen_05.jpg' width='1000' height='800' title='Drehen_05' alt=''  itemprop=\"thumbnailUrl\"   \/><\/div><\/li><li  class='avia-slideshow-slide av-2ucxb9-9da33ba0376d12eca56cfff1fb2fa41b__3  slide-4 slide-even'><div data-rel='slideshow-1' class='avia-slide-wrap '   ><img fetchpriority=\"high\" class=\"wp-image-2258 avia-img-lazy-loading-not-2258\"  src='https:\/\/www.bmk-baumann.de\/wp-content\/uploads\/2014\/09\/Drehen_02-e1411042452357.jpg' width='1000' height='800' title='Drehen_02' alt=''  itemprop=\"thumbnailUrl\"   \/><\/div><\/li><li  class='avia-slideshow-slide av-2ucxb9-9da33ba0376d12eca56cfff1fb2fa41b__4  slide-5 slide-odd'><div data-rel='slideshow-1' class='avia-slide-wrap '   ><img fetchpriority=\"high\" class=\"wp-image-2265 avia-img-lazy-loading-not-2265\"  src='https:\/\/www.bmk-baumann.de\/wp-content\/uploads\/2014\/11\/Fraesen_09.jpg' width='1000' height='800' title='Fraesen_09' alt=''  itemprop=\"thumbnailUrl\"   \/><\/div><\/li><li  class='avia-slideshow-slide av-2ucxb9-9da33ba0376d12eca56cfff1fb2fa41b__5  slide-6 slide-even'><div data-rel='slideshow-1' class='avia-slide-wrap '  title='Fr\u00e4steil mit Fr\u00e4srillen produziert in N\u00fcrnberg bei bmk Baumann' ><img fetchpriority=\"high\" class=\"wp-image-2215 avia-img-lazy-loading-not-2215\"  src='https:\/\/www.bmk-baumann.de\/wp-content\/uploads\/2014\/09\/Fraesen_07.jpg' width='1000' height='800' title='Fraesen_07' alt='Fr\u00e4steil mit Fr\u00e4srillen - bmk Baumann N\u00fcrnberg'  itemprop=\"thumbnailUrl\"   \/><\/div><\/li><li  class='avia-slideshow-slide av-2ucxb9-9da33ba0376d12eca56cfff1fb2fa41b__6  slide-7 slide-odd'><div data-rel='slideshow-1' class='avia-slide-wrap '   ><img fetchpriority=\"high\" class=\"wp-image-2212 avia-img-lazy-loading-not-2212\"  src='https:\/\/www.bmk-baumann.de\/wp-content\/uploads\/2014\/09\/Fraesen_02.jpg' width='1000' height='800' title='Fraesen_02' alt=''  itemprop=\"thumbnailUrl\"   \/><\/div><\/li><li  class='avia-slideshow-slide av-2ucxb9-9da33ba0376d12eca56cfff1fb2fa41b__7  slide-8 slide-even'><div data-rel='slideshow-1' class='avia-slide-wrap '   ><img fetchpriority=\"high\" class=\"wp-image-2255 avia-img-lazy-loading-not-2255\"  src='https:\/\/www.bmk-baumann.de\/wp-content\/uploads\/2014\/09\/Fraesen_13.jpg' width='1000' height='800' title='Fraesen_13' alt=''  itemprop=\"thumbnailUrl\"   \/><\/div><\/li><li  class='avia-slideshow-slide av-2ucxb9-9da33ba0376d12eca56cfff1fb2fa41b__8  slide-9 slide-odd'><div data-rel='slideshow-1' class='avia-slide-wrap '   ><img fetchpriority=\"high\" class=\"wp-image-2254 avia-img-lazy-loading-not-2254\"  src='https:\/\/www.bmk-baumann.de\/wp-content\/uploads\/2014\/09\/Fraesen_12.jpg' width='1000' height='800' title='Fraesen_12' alt=''  itemprop=\"thumbnailUrl\"   \/><\/div><\/li><li  class='avia-slideshow-slide av-2ucxb9-9da33ba0376d12eca56cfff1fb2fa41b__9  slide-10 slide-even'><div data-rel='slideshow-1' class='avia-slide-wrap '   ><img fetchpriority=\"high\" class=\"wp-image-2253 avia-img-lazy-loading-not-2253\"  src='https:\/\/www.bmk-baumann.de\/wp-content\/uploads\/2014\/09\/Fraesen_11.jpg' width='1000' height='800' title='Fraesen_11' alt=''  itemprop=\"thumbnailUrl\"   \/><\/div><\/li><li  class='avia-slideshow-slide av-2ucxb9-9da33ba0376d12eca56cfff1fb2fa41b__10  slide-11 slide-odd'><div data-rel='slideshow-1' class='avia-slide-wrap '   ><img fetchpriority=\"high\" class=\"wp-image-2256 avia-img-lazy-loading-not-2256\"  src='https:\/\/www.bmk-baumann.de\/wp-content\/uploads\/2014\/09\/Fraesen_14.jpg' width='1000' height='800' title='Fraesen_14' alt=''  itemprop=\"thumbnailUrl\"   \/><\/div><\/li><li  class='avia-slideshow-slide av-2ucxb9-9da33ba0376d12eca56cfff1fb2fa41b__11  slide-12 slide-even'><div data-rel='slideshow-1' class='avia-slide-wrap '   ><img fetchpriority=\"high\" class=\"wp-image-2252 avia-img-lazy-loading-not-2252\"  src='https:\/\/www.bmk-baumann.de\/wp-content\/uploads\/2014\/09\/Fraesen_10.jpg' width='1000' height='800' title='Fraesen_10' alt=''  itemprop=\"thumbnailUrl\"   \/><\/div><\/li><li  class='avia-slideshow-slide av-2ucxb9-9da33ba0376d12eca56cfff1fb2fa41b__12  slide-13 slide-odd'><div data-rel='slideshow-1' class='avia-slide-wrap '   ><img fetchpriority=\"high\" class=\"wp-image-2259 avia-img-lazy-loading-not-2259\"  src='https:\/\/www.bmk-baumann.de\/wp-content\/uploads\/2014\/09\/Fraesen_06-e1411042985313.jpg' width='1000' height='800' title='Fraesen_06' alt=''  itemprop=\"thumbnailUrl\"   \/><\/div><\/li><li  class='avia-slideshow-slide av-2ucxb9-9da33ba0376d12eca56cfff1fb2fa41b__13  slide-14 slide-even'><div data-rel='slideshow-1' class='avia-slide-wrap '   ><img fetchpriority=\"high\" class=\"wp-image-2266 avia-img-lazy-loading-not-2266\"  src='https:\/\/www.bmk-baumann.de\/wp-content\/uploads\/2014\/11\/Fraesen_05.jpg' width='1000' height='800' title='Fraesen_05' alt=''  itemprop=\"thumbnailUrl\"   \/><\/div><\/li><li  class='avia-slideshow-slide av-2ucxb9-9da33ba0376d12eca56cfff1fb2fa41b__14  slide-15 slide-odd'><div data-rel='slideshow-1' class='avia-slide-wrap '  title='Fr\u00e4steil aus Kunststoff f\u00fcr industrielle Pr\u00e4zisionsanwendungen. Gefertigt bei BMK Baumann in N\u00fcrnberg.\n' ><img fetchpriority=\"high\" class=\"wp-image-2308 avia-img-lazy-loading-not-2308\"  src='https:\/\/www.bmk-baumann.de\/wp-content\/uploads\/2021\/11\/Fraesteil_bmk_3.png' width='5760' height='3840' title='Fr\u00e4steil_bmk_3' alt='Fr\u00e4steil aus Kunststoff \u2013 BMK Baumann N\u00fcrnberg\n'  itemprop=\"thumbnailUrl\"   \/><\/div><\/li><li  class='avia-slideshow-slide av-2ucxb9-9da33ba0376d12eca56cfff1fb2fa41b__15  slide-16 slide-even'><div data-rel='slideshow-1' class='avia-slide-wrap '  title='CNC Fr\u00e4steil aus Kunststoff f\u00fcr industrielle Pr\u00e4zisionsanwendungen. Gefertigt bei BMK Baumann in N\u00fcrnberg.\n' ><img fetchpriority=\"high\" class=\"wp-image-2307 avia-img-lazy-loading-not-2307\"  src='https:\/\/www.bmk-baumann.de\/wp-content\/uploads\/2021\/11\/Fraesteil_bmk_2.png' width='5760' height='3840' title='Fr\u00e4steil_bmk_2' alt='Fr\u00e4steil aus Kunststoff \u2013 BMK Baumann N\u00fcrnberg'  itemprop=\"thumbnailUrl\"   \/><\/div><\/li><li  class='avia-slideshow-slide av-2ucxb9-9da33ba0376d12eca56cfff1fb2fa41b__16  slide-17 slide-odd'><div data-rel='slideshow-1' class='avia-slide-wrap '  title='Fr\u00e4steil aus Messing f\u00fcr industrielle Pr\u00e4zisionsanwendungen. Gefertigt bei BMK Baumann in N\u00fcrnberg.\n' ><img fetchpriority=\"high\" class=\"wp-image-2306 avia-img-lazy-loading-not-2306\"  src='https:\/\/www.bmk-baumann.de\/wp-content\/uploads\/2021\/11\/Fraesteil_bmk.png' width='5760' height='3840' title='Fr\u00e4steil_bmk' alt='Fr\u00e4steil aus Messing \u2013 BMK Baumann N\u00fcrnberg\n'  itemprop=\"thumbnailUrl\"   \/><\/div><\/li><li  class='avia-slideshow-slide av-2ucxb9-9da33ba0376d12eca56cfff1fb2fa41b__17  slide-18 slide-even'><div data-rel='slideshow-1' class='avia-slide-wrap '  title='CNC Fr\u00e4steil aus Kunststoff f\u00fcr industrielle Pr\u00e4zisionsanwendungen. Gefertigt bei BMK Baumann in N\u00fcrnberg.\n' ><img fetchpriority=\"high\" class=\"wp-image-2305 avia-img-lazy-loading-not-2305\"  src='https:\/\/www.bmk-baumann.de\/wp-content\/uploads\/2021\/11\/Fraesteil_1_bmk.png' width='5760' height='3840' title='Fr\u00e4steil_1_bmk' alt='CNC Fr\u00e4steil aus Kunststoff \u2013 BMK Baumann N\u00fcrnberg'  itemprop=\"thumbnailUrl\"   \/><\/div><\/li><li  class='avia-slideshow-slide av-2ucxb9-9da33ba0376d12eca56cfff1fb2fa41b__18  slide-19 slide-odd'><div data-rel='slideshow-1' class='avia-slide-wrap '   ><img fetchpriority=\"high\" class=\"wp-image-2260 avia-img-lazy-loading-not-2260\"  src='https:\/\/www.bmk-baumann.de\/wp-content\/uploads\/2014\/09\/Drehen_03.jpg' width='1000' height='800' title='Drehen_03' alt=''  itemprop=\"thumbnailUrl\"   \/><\/div><\/li><\/ul><div class='avia-slideshow-arrows avia-slideshow-controls' ><a href='#prev' class='prev-slide  avia-svg-icon avia-font-svg_entypo-fontello' data-av_svg_icon='left-open-big' data-av_iconset='svg_entypo-fontello' tabindex='-1' title=\"Previous\"><svg version=\"1.1\" xmlns=\"http:\/\/www.w3.org\/2000\/svg\" width=\"15\" height=\"32\" viewBox=\"0 0 15 32\" preserveAspectRatio=\"xMidYMid meet\" aria-labelledby='av-svg-title-1' aria-describedby='av-svg-desc-1' role=\"graphics-symbol\" aria-hidden=\"true\">\n<title id='av-svg-title-1'>Previous<\/title>\n<desc id='av-svg-desc-1'>Previous<\/desc>\n<path d=\"M14.464 27.84q0.832 0.832 0 1.536-0.832 0.832-1.536 0l-12.544-12.608q-0.768-0.768 0-1.6l12.544-12.608q0.704-0.832 1.536 0 0.832 0.704 0 1.536l-11.456 11.904z\"><\/path>\n<\/svg><span class='avia_hidden_link_text'>Previous<\/span><\/a><a href='#next' class='next-slide  avia-svg-icon avia-font-svg_entypo-fontello' data-av_svg_icon='right-open-big' data-av_iconset='svg_entypo-fontello' tabindex='-1' title=\"Next\"><svg version=\"1.1\" xmlns=\"http:\/\/www.w3.org\/2000\/svg\" width=\"15\" height=\"32\" viewBox=\"0 0 15 32\" preserveAspectRatio=\"xMidYMid meet\" aria-labelledby='av-svg-title-2' aria-describedby='av-svg-desc-2' role=\"graphics-symbol\" aria-hidden=\"true\">\n<title id='av-svg-title-2'>Next<\/title>\n<desc id='av-svg-desc-2'>Next<\/desc>\n<path d=\"M0.416 27.84l11.456-11.84-11.456-11.904q-0.832-0.832 0-1.536 0.832-0.832 1.536 0l12.544 12.608q0.768 0.832 0 1.6l-12.544 12.608q-0.704 0.832-1.536 0-0.832-0.704 0-1.536z\"><\/path>\n<\/svg><span class='avia_hidden_link_text'>Next<\/span><\/a><\/div><div class='avia-slideshow-dots avia-slideshow-controls'><a href='#1' class='goto-slide active' >1<\/a><a href='#2' class='goto-slide ' >2<\/a><a href='#3' class='goto-slide ' >3<\/a><a href='#4' class='goto-slide ' >4<\/a><a href='#5' class='goto-slide ' >5<\/a><a href='#6' class='goto-slide ' >6<\/a><a href='#7' class='goto-slide ' >7<\/a><a href='#8' class='goto-slide ' >8<\/a><a href='#9' class='goto-slide ' >9<\/a><a href='#10' class='goto-slide ' >10<\/a><a href='#11' class='goto-slide ' >11<\/a><a href='#12' class='goto-slide ' >12<\/a><a href='#13' class='goto-slide ' >13<\/a><a href='#14' class='goto-slide ' >14<\/a><a href='#15' class='goto-slide ' >15<\/a><a href='#16' class='goto-slide ' >16<\/a><a href='#17' class='goto-slide ' >17<\/a><a href='#18' class='goto-slide ' >18<\/a><a href='#19' class='goto-slide ' >19<\/a><\/div><\/div><\/p><\/div>\n<section  class='av_textblock_section av-758ph-09059ebb52e9df0b0627b2fa624384d6 '   itemscope=\"itemscope\" itemtype=\"https:\/\/schema.org\/CreativeWork\" ><div class='avia_textblock'  itemprop=\"text\" ><p>bmk Baumann GmbH and Co.KG from Nuremberg specialises in metal and plastics processing. Key products in the company&#8217;s portfolio include ball bearing cages as well as components for the mechanical engineering, medical engineering, and aeronautical engineering industries. The manufacture of such premium-quality components requires the utmost accuracy and precision, as well as many years of experience. We offer the necessary expertise thanks to our motivated employees, high tech, and state-of-the-art manufacturing processes.<\/p>\n<h2>About machining (chipping)<\/h2>\n<p>Machining (chipping) in accordance with the German DIN 8580 standard describes various mechanical material processing methods; it is assigned to the main category of \u201ccutting\u201d. Several different machining steps are required before the finished product emerges. The relative movement of the tool \u2013 consisting of several individual steps if required \u2013 cuts the predefined workpiece to the desired final shape, removes excess material, and prepares it for further processing steps.<\/p>\n<p>The penetration of the tool cutting edge into the material to be machined is referred to as the \u201cmachining process\u201d. In most cases, the tool cutting edge is wedge-shaped and serves to chip thin layers of material. Since chips fall off during this machining process, it is also referred to as \u201cchipping\u201d. The tool deployed must be harder than the workpiece to be machined. Various materials are used for this purpose, such as so-called super hard cutting materials, including cubic boron nitride and diamond. Special ceramics are also used for machining (chipping). The multifaceted requirements to be met by tool materials include: compressive strength, bending strength, heat resistance, hardness, and viscosity.<\/p>\n<p>In addition to the machining of metal workpieces, materials such as plastics, composites, Plexiglas, and timber can also be used and machined. Tool cutting edges in various geometries and shapes are available in order to implement the desired shape.<\/p>\n<h2>Origin and development<\/h2>\n<p>Today, the deployment of state-of-the-art manufacturing techniques and computerised technologies makes it possible to bring true perfection to machining (chipping). Our ancestors in the Palaeolithic Age already relied on materials such as stones for scraping or peeling off materials. This enabled them to manufacture simple tools such as saws and drills, which were later replaced by materials such as bronze and iron. In the Industrial Age, these manufacturing techniques were developed further, resulting in workpieces made of steel, as well as cutting materials made of high-speed steel and ceramics.<\/p>\n<h2>Machining (chipping) techniques<\/h2>\n<ul>\n<li>Top-notch CNC machines enable the machining of workpieces with the highest precision \u2013 and thanks to latest-generation control technology, modern machine tools today are able to create even the most complex shapes. Providing an interface for all common file formats, the CAM programming system is also simply perfect for manufacturing complex components. Products are made of various materials such as steel, non-ferrous metals, plastic materials, Plexiglas, and composites.<\/li>\n<li><a href=\"https:\/\/www.bmk-baumann.de\/en\/ball-bearing-cages\/\">CNC milling<\/a>, or Computer Numerical Control milling, is one of numerous machining processes applied today. Various CNC milling techniques are deployed to machine workpieces in several axes. bmk Baumann GmbH &#038; Co. KG relies on five-axis CNC machining to manufacture milled parts on pivoting and shifting tables. Turning also falls into the Machining category. Workpieces with a diameter in the 1mm to 400 mm range are manufactured using this technique. bmk Baumann is proud to offer <a href=\"https:\/\/www.bmk-baumann.de\/en\/cnc-turning\/\">CNC turning<\/a> from bars with diameters of up to 81 mm on machines with power tools and bar feed mechanism. Furthermore, CNC precision machines are available for hard turning.<\/li>\n<\/ul>\n<h3>Further steps and processing processes<\/h3>\n<p>These many machining techniques enable us to manufacture workpieces with the highest accuracy. The individual components can be subjected to further machining steps before being used for <a href=\"https:\/\/www.bmk-baumann.de\/en\/assembly\/\">assembly<\/a>:<\/p>\n<ul>\n<li><a href=\"https:\/\/www.bmk-baumann.de\/en\/punching-forming\/\">Punching and forming<\/a> on eccentric and hydraulic presses.<\/li>\n<li><a href=\"https:\/\/www.bmk-baumann.de\/en\/vibratory-grinding\/\">Vibratory grinding<\/a>. This machining technique focuses on the effective and cost-efficient deburring of manufactured components. Machines such as centrifugal (disc) finishing machines, as well as rotary and trough vibrators are used for this step in the overall process. For final grinding and surface finishing, our company relies on various abrasives and the finest polishing agents.<\/li>\n<li>Ultrasonic immersion cleaning: Residue-free and gentle ultrasonic immersion cleaning completes the overall machining (chipping) process. Contaminants and oil residues are removed during this step.<\/li>\n<li>Ensuring the highest precision, <a href=\"https:\/\/www.bmk-baumann.de\/en\/laser\/\">laser processing<\/a> plays a key role in model making, print finishing, and metal construction. Lasers are ideal for both cutting and engraving. These techniques are required to manufacture construction kits for model making, as well as to engrave items such as advertising giveaways and markings on all kinds of materials.<\/li>\n<li><a href=\"https:\/\/www.bmk-baumann.de\/en\/adiabatic-cutting\/\">Adiabatic cutting<\/a> is a chipless high-speed cutting procedure also referred to as High-Speed Impact Cutting (HSIC). Structural changes caused by tensile stress or heat can thus be avoided to the greatest possible extent.<\/li>\n<li>Large series can be manufactured without any problem.<\/li>\n<\/ul>\n<h2>Quality made by the company from Nuremberg<\/h2>\n<p>The machining of products requires absolute precision and long-standing experience. bmk Baumann GmbH&#038; Co.KG is a manufacturer of precision parts, such as ball bearing cages, which fulfil important requirements with regard to surface finish quality, running smoothness, roundness, and tolerance. These parts consist of phenolic resin-bonded fabric, extra-fine fabric, plastic materials, steel, and non-ferrous metals. To satisfy even the most demanding requirements, the machining performance bmk Baumann offers its customers is well above average: thanks to highly motivated employees, experienced specialists, as well as state-of-the art manufacturing technologies \u2013 from CNC-controlled machines to material selection and manufacturing documentation, right up to final inspection. Here also, CNC-controlled, optical, and tactile measuring techniques support the result.<\/p>\n<p>Our specialist know-how, as well as our machining quality, are certified in accordance with ISO 9001 and have also been confirmed by the German independent service company T\u00dcV S\u00fcd. Flexibility and individuality also play a significant role when it comes to the implementation of exceptional requirements. This is what we understand by service which goes far beyond the standard!<\/p>\n<\/div><\/section>\n","protected":false},"excerpt":{"rendered":"","protected":false},"author":3,"featured_media":0,"parent":0,"menu_order":0,"comment_status":"closed","ping_status":"closed","template":"","meta":{"footnotes":""},"class_list":["post-2375","page","type-page","status-publish","hentry"],"_links":{"self":[{"href":"https:\/\/www.bmk-baumann.de\/en\/wp-json\/wp\/v2\/pages\/2375","targetHints":{"allow":["GET"]}}],"collection":[{"href":"https:\/\/www.bmk-baumann.de\/en\/wp-json\/wp\/v2\/pages"}],"about":[{"href":"https:\/\/www.bmk-baumann.de\/en\/wp-json\/wp\/v2\/types\/page"}],"author":[{"embeddable":true,"href":"https:\/\/www.bmk-baumann.de\/en\/wp-json\/wp\/v2\/users\/3"}],"replies":[{"embeddable":true,"href":"https:\/\/www.bmk-baumann.de\/en\/wp-json\/wp\/v2\/comments?post=2375"}],"version-history":[{"count":3,"href":"https:\/\/www.bmk-baumann.de\/en\/wp-json\/wp\/v2\/pages\/2375\/revisions"}],"predecessor-version":[{"id":3025,"href":"https:\/\/www.bmk-baumann.de\/en\/wp-json\/wp\/v2\/pages\/2375\/revisions\/3025"}],"wp:attachment":[{"href":"https:\/\/www.bmk-baumann.de\/en\/wp-json\/wp\/v2\/media?parent=2375"}],"curies":[{"name":"wp","href":"https:\/\/api.w.org\/{rel}","templated":true}]}}